{"id":3469,"date":"2023-09-28T09:29:08","date_gmt":"2023-09-28T07:29:08","guid":{"rendered":"http:\/\/integra.tarnow.net.pl\/?page_id=3469"},"modified":"2026-04-16T07:02:55","modified_gmt":"2026-04-16T05:02:55","slug":"aktualnosci","status":"publish","type":"page","link":"http:\/\/integra.tarnow.net.pl\/?page_id=3469","title":{"rendered":"Aktualno\u015bci"},"content":{"rendered":"<section class=\"l-section wpb_row us_custom_3b52b4dd height_small width_full\"><div class=\"l-section-h i-cf\"><div class=\"g-cols vc_row via_flex valign_top type_default stacking_default\"><div class=\"vc_col-sm-12 wpb_column vc_column_container\"><div class=\"vc_column-inner\"><div class=\"wpb_wrapper\"><div class=\"w-image us_custom_c082b32b hide_on_tablets hide_on_mobiles align_center\"><div class=\"w-image-h\"><img decoding=\"async\" width=\"2200\" height=\"435\" data-src=\"http:\/\/integra.tarnow.net.pl\/wp-content\/uploads\/2022\/09\/dokuemnty.png\" class=\"attachment-full size-full lazyload\" alt=\"\" data-srcset=\"http:\/\/integra.tarnow.net.pl\/wp-content\/uploads\/2022\/09\/dokuemnty.png 2200w, http:\/\/integra.tarnow.net.pl\/wp-content\/uploads\/2022\/09\/dokuemnty-300x59.png 300w, http:\/\/integra.tarnow.net.pl\/wp-content\/uploads\/2022\/09\/dokuemnty-1024x202.png 1024w\" data-sizes=\"auto, (max-width: 2200px) 100vw, 2200px\" src=\"data:image\/svg+xml;base64,PHN2ZyB3aWR0aD0iMSIgaGVpZ2h0PSIxIiB4bWxucz0iaHR0cDovL3d3dy53My5vcmcvMjAwMC9zdmciPjwvc3ZnPg==\" style=\"--smush-placeholder-width: 2200px; --smush-placeholder-aspect-ratio: 2200\/435;\" \/><\/div><\/div><div class=\"w-image us_custom_640bbb89 hide_on_default hide_on_laptops align_center\"><div class=\"w-image-h\"><img decoding=\"async\" width=\"1200\" height=\"496\" data-src=\"http:\/\/integra.tarnow.net.pl\/wp-content\/uploads\/2022\/09\/dokuemnty_mobile.png\" class=\"attachment-full size-full lazyload\" alt=\"\" src=\"data:image\/svg+xml;base64,PHN2ZyB3aWR0aD0iMSIgaGVpZ2h0PSIxIiB4bWxucz0iaHR0cDovL3d3dy53My5vcmcvMjAwMC9zdmciPjwvc3ZnPg==\" style=\"--smush-placeholder-width: 1200px; --smush-placeholder-aspect-ratio: 1200\/496;\" \/><\/div><\/div><div class=\"w-separator hide_on_default hide_on_laptops size_custom\" style=\"height:40px\"><\/div><nav class=\"g-breadcrumbs us_custom_c50ad069 separator_icon align_none\" itemscope itemtype=\"http:\/\/schema.org\/BreadcrumbList\"><div class=\"g-breadcrumbs-item\" itemscope itemprop=\"itemListElement\" itemtype=\"http:\/\/schema.org\/ListItem\"><a itemprop=\"item\" href=\"http:\/\/integra.tarnow.net.pl\/\"><span itemprop=\"name\">Strona g\u0142\u00f3wna<\/span><\/a><meta itemprop=\"position\" content=\"1\"\/><\/div><div class=\"g-breadcrumbs-separator\"><i class=\"far fa-angle-right\"><\/i><\/div><div class=\"g-breadcrumbs-item\">Strony<\/div><\/nav><div class=\"wpb_text_column us_custom_dc6758c7\"><div class=\"wpb_wrapper\"><h2>Aktualno\u015bci<\/h2>\n<\/div><\/div><div class=\"wpb_text_column us_custom_76a6a869\"><div class=\"wpb_wrapper\"><h4><\/h4>\n<h4>Wa\u017cne informacje dla abonent\u00f3w<\/h4>\n<\/div><\/div><\/div><\/div><\/div><\/div><\/div><\/section><section class=\"l-section wpb_row us_custom_64c38ea8 height_auto width_full\"><div class=\"l-section-h i-cf\"><div class=\"g-cols vc_row via_flex valign_top type_default stacking_default\"><div class=\"vc_col-sm-12 wpb_column vc_column_container\"><div class=\"vc_column-inner\"><div class=\"wpb_wrapper\"><div class=\"w-separator size_huge\"><\/div><div class=\"wpb_text_column\"><div class=\"wpb_wrapper\"><p>16.04.2026r.<\/p>\n<p>Informujemy, \u017ce wczorajsze prace serwisowe przynios\u0142y po\u017c\u0105dane efekty i poprawna praca sieci zosta\u0142a przywr\u00f3cona. Bardzo dzi\u0119kujemy za Pa\u0144stwa cierpliwo\u015b\u0107 i pragniemy przeprosi\u0107 wszystkich, kt\u00f3rym wczorajsza awaria utrudni\u0142a prac\u0119.\u00a0 <strong>Osoby u kt\u00f3rych Internet jeszcze nie dzia\u0142a, prosimy o wy\u0142\u0105czenie zasilania urz\u0105dze\u0144 sieciowych na 60 sek. i ponowne w\u0142\u0105czenie.<\/strong> Ta operacja powinna przywr\u00f3ci\u0107 w\u0142a\u015bciwe ustawienia routera. Je\u017celi Internet nadal nie b\u0119dzie dzia\u0142a\u0142 to wtedy prosimy o kontakt z BOK.<\/p>\n<p>&nbsp;<\/p>\n<p>30.12.2025r.<\/p>\n<p>Informujemy, \u017ce programy\u00a0<strong>Metro<\/strong> i <strong>Zoom TV<\/strong> nie b\u0119d\u0105 ju\u017c dost\u0119pne w telewizji poniewa\u017c z ko\u0144cem grudnia wygasa ich koncesja na korzystanie z MUX-8. W zamian udost\u0119pnimy naszym klientom programy <strong>TVP Nauka<\/strong> oraz <strong>TVP Dokument<\/strong>.<\/p>\n<p>Z ko\u0144cem roku z emisji swoich program\u00f3w rezygnuje tak\u017ce <strong>Paramount<\/strong> kt\u00f3ry wycofuje swoje programy muzyczne takie jak <strong>MTV 80s<\/strong>, <strong>MTV 90s<\/strong>, <strong>MTV 00s<\/strong>, <strong>MTV Hits<\/strong>, <strong>MTV Live<\/strong>, <strong>Club MTV<\/strong> z rynku europejskiego. Zmiany te s\u0105 niezale\u017cne od Operator\u00f3w retransmituj\u0105cych te programy dlatego pozostaje nam tylko przekaza\u0107 Pa\u0144stwu te informacje.<\/p>\n<p>Pakiety <strong>Telewizji Bez Granic<\/strong> wzbogacone zosta\u0142y o kolejne programy. Wszystkie pakiety otrzyma\u0142y og\u00f3lnotematyczny program <strong>TVT<\/strong> oraz <strong>Master TV<\/strong>.<br \/>\nPakiety od br\u0105zowego w z wy\u017c poszerzyli\u015bmy o polski program <strong>Publicystyka tv<\/strong> oraz bajkowy <strong>Nicktoons.<\/strong><\/p>\n<p>&nbsp;<\/p>\n<p>06.11.2025r.<\/p>\n<p>W zamian za wycofane z oferty programy CANAL+ uruchomione zosta\u0142y nowe programy dla odbiorc\u00f3w <strong>Telewizji Bez Granic. <\/strong>Programy dodane zosta\u0142y do pakiet\u00f3w Br\u0105zowy, Srebrny, Z\u0142oty i Platynowy oraz do pakiet\u00f3w tematycznych.<\/p>\n<p><strong>NOWE PROGRAMY:<\/strong><br \/>\nBBC First HD &#8211; brytyjskie seriale<br \/>\nBBC Earth HD &#8211; popularnonaukowe, przyrodnicze, naukowe, historyczne, przygodowe<br \/>\nBBC Lifestyle HD &#8211; styl, kulinaria, zdrowie, moda, aran\u017cacja wn\u0119trz<br \/>\nBBC Brit HD &#8211; teleturnieje, motoryzacja, dokument<br \/>\nBBC NEWS &#8211; informacyjny<br \/>\nCBeebies &#8211; programy i bajki dla dzieci 0-6 lat<br \/>\n13 Ulica &#8211; seriale kryminalne, filmy sensacyjne, programy dot. \u015bledztw i zagadek kryminalnych<br \/>\nParamount Network &#8211; kino akcji, komedie, dramaty i krymina\u0142y z wytw\u00f3rni Paramount Pictures<strong><br \/>\n<\/strong><\/p>\n<p>&nbsp;<\/p>\n<p>05.11.2025r.<\/p>\n<p>Informujemy, \u017ce nowe pakiety w kt\u00f3rych dost\u0119pne sa programy <strong>CANAL+<\/strong> zosta\u0142y uruchomione w zak\u0142adce <strong>Telewizja Nowa<\/strong> . Je\u017celi b\u0119d\u0105 Pa\u0144stwa zainteresowani jednym z nowych pakiet\u00f3w to prosimy o kontakt telefoniczny z <strong>BOK<\/strong> w sprawie uruchomienia wybranej opcji albo wyra\u017cenie woli aktywacji nowego pakietu za pomoc\u0105 wiadomo\u015bci e-mail na adres <strong>integra@tarnow.net.pl<\/strong>.<\/p>\n<p>&nbsp;<\/p>\n<p>18.10.2025r.<\/p>\n<p>Informujemy, \u017ce aktualnie wdra\u017camy nowe pakiety kt\u00f3re umo\u017cliwi\u0105 dost\u0119p do program\u00f3w CANAL+. Prace techniczne s\u0105 ju\u017c na uko\u0144czeniu i w ci\u0105gu najbli\u017cszych 2-3 dni b\u0119dziemy mogli poinformowa\u0107 Pa\u0144stwa o mo\u017cliwo\u015bci skorzystania z tych pakiet\u00f3w. Informacja o gotowo\u015bci nowych pakiet\u00f3w b\u0119dzie opublikowana na stronie i dodatkowo przes\u0142ana za pomoc\u0105 komunikatu SMS. Wys\u0142ana wiadomo\u015b\u0107 SMS nie b\u0119dzie oznacza\u0107 automatycznego uruchomienia nowych pakiet\u00f3w. Prosimy o kontakt telefoniczny z <strong>BOK<\/strong> w sprawie uruchomienia wybranego pakietu albo wyra\u017cenie woli aktywacji nowego pakietu za pomoc\u0105 wiadomo\u015bci e-mail na adres <strong>integra@tarnow.net.pl<\/strong>. Za wszelkie utrudnienia bardzo Pa\u0144stwa przepraszamy.<\/p>\n<p>&nbsp;<\/p>\n<p>01.10.2024r.<\/p>\n<p>Szanowni Pa\u0144stwo<\/p>\n<p>Uprzejmie informujemy, \u017ce w zwi\u0105zku z wej\u015bciem w \u017cycie w dniu 10.11.2024 r. ustawy Prawo Komunikacji Elektronicznej (Dz.U. z 2024, poz. 1221), zmianie ulegn\u0105 warunki um\u00f3w o \u015bwiadczenie us\u0142ug telekomunikacyjnych. Dokument nale\u017cy pobra\u0107 w celu jego utrwalenia i zachowania mo\u017cliwo\u015bci jego p\u00f3\u017aniejszego odtworzenia w niezmienionej postaci. Szczeg\u00f3\u0142y w za\u0142\u0105czniku.<\/p>\n<p><a href=\"http:\/\/integra.tarnow.net.pl\/wp-content\/uploads\/2024\/10\/Pismo-do-Abonentow-zmiany-PKE_new7-1.pdf\" target=\"_blank\" rel=\"noopener\"><strong>pobierz PDF<\/strong><\/a><\/p>\n<\/div><\/div><div class=\"w-separator size_custom\" style=\"height:120px\" id=\"w9e6\"><style>@media(max-width:600px){ #w9e6{height:80px!important}}<\/style><\/div><\/div><\/div><\/div><\/div><\/div><\/section>\n","protected":false},"excerpt":{"rendered":"Strona g\u0142\u00f3wnaStronyAktualno\u015bci Wa\u017cne informacje dla abonent\u00f3w 16.04.2026r. Informujemy, \u017ce wczorajsze prace serwisowe przynios\u0142y po\u017c\u0105dane efekty i poprawna praca sieci zosta\u0142a przywr\u00f3cona. Bardzo dzi\u0119kujemy za Pa\u0144stwa cierpliwo\u015b\u0107 i pragniemy przeprosi\u0107 wszystkich, kt\u00f3rym wczorajsza awaria utrudni\u0142a prac\u0119.\u00a0 Osoby u kt\u00f3rych Internet jeszcze nie dzia\u0142a, prosimy o wy\u0142\u0105czenie zasilania urz\u0105dze\u0144 sieciowych na 60 sek. i ponowne w\u0142\u0105czenie. Ta...","protected":false},"author":1,"featured_media":0,"parent":0,"menu_order":0,"comment_status":"closed","ping_status":"closed","template":"","meta":{"footnotes":""},"class_list":["post-3469","page","type-page","status-publish","hentry"],"_links":{"self":[{"href":"http:\/\/integra.tarnow.net.pl\/index.php?rest_route=\/wp\/v2\/pages\/3469","targetHints":{"allow":["GET"]}}],"collection":[{"href":"http:\/\/integra.tarnow.net.pl\/index.php?rest_route=\/wp\/v2\/pages"}],"about":[{"href":"http:\/\/integra.tarnow.net.pl\/index.php?rest_route=\/wp\/v2\/types\/page"}],"author":[{"embeddable":true,"href":"http:\/\/integra.tarnow.net.pl\/index.php?rest_route=\/wp\/v2\/users\/1"}],"replies":[{"embeddable":true,"href":"http:\/\/integra.tarnow.net.pl\/index.php?rest_route=%2Fwp%2Fv2%2Fcomments&post=3469"}],"version-history":[{"count":58,"href":"http:\/\/integra.tarnow.net.pl\/index.php?rest_route=\/wp\/v2\/pages\/3469\/revisions"}],"predecessor-version":[{"id":4076,"href":"http:\/\/integra.tarnow.net.pl\/index.php?rest_route=\/wp\/v2\/pages\/3469\/revisions\/4076"}],"wp:attachment":[{"href":"http:\/\/integra.tarnow.net.pl\/index.php?rest_route=%2Fwp%2Fv2%2Fmedia&parent=3469"}],"curies":[{"name":"wp","href":"https:\/\/api.w.org\/{rel}","templated":true}]}}